{"id":29,"date":"2017-08-25T12:00:29","date_gmt":"2017-08-25T05:00:29","guid":{"rendered":"http:\/\/bap.jp\/?page_id=29"},"modified":"2026-01-26T09:54:53","modified_gmt":"2026-01-26T02:54:53","slug":"contact","status":"publish","type":"page","link":"https:\/\/bap-software.net\/vi\/contact\/","title":{"rendered":"Li\u00ean H\u1ec7"},"content":{"rendered":"<p>T\u1ea1i BAP ch\u00fang t\u00f4i lu\u00f4n bi\u1ebft \u01a1n nh\u1eefng qu\u00fd c\u00f4ng ty \u0111\u00e3 tin t\u01b0\u1edfng l\u1ef1a ch\u1ecdn BAP , lu\u00f4n c\u00e1m \u01a1n nh\u1eefng b\u1ea1n \u0111\u00e3 , \u0111ang v\u00e0 s\u1ebd l\u00e0 BAPers, lu\u00f4n hoan ngh\u00eanh nh\u1eefng \u0111\u1ed1i t\u00e1c c\u00f9ng quan h\u1ec7 win-win<\/p>","protected":false},"excerpt":{"rendered":"<p>T\u1ea1i BAP ch\u00fang t\u00f4i lu\u00f4n bi\u1ebft \u01a1n nh\u1eefng qu\u00fd c\u00f4ng ty \u0111\u00e3 tin t\u01b0\u1edfng l\u1ef1a ch\u1ecdn BAP , lu\u00f4n c\u00e1m \u01a1n nh\u1eefng b\u1ea1n \u0111\u00e3 , \u0111ang v\u00e0 s\u1ebd l\u00e0 BAPers, lu\u00f4n hoan ngh\u00eanh nh\u1eefng \u0111\u1ed1i t\u00e1c c\u00f9ng quan h\u1ec7 win-win<\/p>\n","protected":false},"author":10,"featured_media":4613,"parent":0,"menu_order":0,"comment_status":"closed","ping_status":"closed","template":"page\/contact.php","meta":{"_acf_changed":false,"footnotes":""},"class_list":["post-29","page","type-page","status-publish","has-post-thumbnail","hentry"],"acf":[],"yoast_head":"<!-- This site is optimized with the Yoast SEO Premium plugin v26.1 (Yoast SEO v27.3) - https:\/\/yoast.com\/product\/yoast-seo-premium-wordpress\/ -->\n<title>Partner with BAP today for your most innovative project<\/title>\n<meta name=\"description\" content=\"\u304a\u554f\u3044\u5408\u308f\u305b\u3092\u5fc3\u3088\u308a\u304a\u5f85\u3061\u3057\u3066\u304a\u308a\u307e\u3059\uff01\u3059\u3050\u306b\u767a\u6ce8\u3059\u308b\u3088\u3046\u306a\u4ed5\u4e8b\u306e\u4f9d\u983c\u3067\u306a\u304f\u3066\u3082\u3001\u8a0e\u8ad6\u3092\u91cd\u306d\u3066\u30d3\u30b8\u30cd\u30b9\u3092\u751f\u307f\u51fa\u305b\u307e\u3059\" \/>\n<meta name=\"robots\" content=\"index, follow, max-snippet:-1, max-image-preview:large, max-video-preview:-1\" \/>\n<link rel=\"canonical\" href=\"https:\/\/bap-software.net\/vi\/contact\/\" \/>\n<meta property=\"og:locale\" content=\"vi_VN\" \/>\n<meta property=\"og:type\" content=\"article\" \/>\n<meta property=\"og:title\" content=\"Li\u00ean H\u1ec7\" \/>\n<meta property=\"og:description\" content=\"\u304a\u554f\u3044\u5408\u308f\u305b\u3092\u5fc3\u3088\u308a\u304a\u5f85\u3061\u3057\u3066\u304a\u308a\u307e\u3059\uff01\u3059\u3050\u306b\u767a\u6ce8\u3059\u308b\u3088\u3046\u306a\u4ed5\u4e8b\u306e\u4f9d\u983c\u3067\u306a\u304f\u3066\u3082\u3001\u8a0e\u8ad6\u3092\u91cd\u306d\u3066\u30d3\u30b8\u30cd\u30b9\u3092\u751f\u307f\u51fa\u305b\u307e\u3059\" \/>\n<meta property=\"og:url\" content=\"https:\/\/bap-software.net\/vi\/contact\/\" \/>\n<meta property=\"og:site_name\" content=\"C\u00f4ng Ty C\u1ed5 Ph\u1ea7n \u0110\u1ea7u T\u01b0 V\u00e0 C\u00f4ng Ngh\u1ec7 BAP\" \/>\n<meta property=\"article:publisher\" content=\"https:\/\/www.facebook.com\/bap32\" \/>\n<meta property=\"article:modified_time\" content=\"2026-01-26T02:54:53+00:00\" \/>\n<meta property=\"og:image\" content=\"https:\/\/cdn.bap-software.net\/2020\/03\/contact.jpeg\" \/>\n\t<meta property=\"og:image:width\" content=\"1440\" \/>\n\t<meta property=\"og:image:height\" content=\"446\" \/>\n\t<meta property=\"og:image:type\" content=\"image\/jpeg\" \/>\n<meta name=\"twitter:card\" content=\"summary_large_image\" \/>\n<meta name=\"twitter:site\" content=\"@bapsoftware\" \/>\n<script type=\"application\/ld+json\" class=\"yoast-schema-graph\">{\"@context\":\"https:\\\/\\\/schema.org\",\"@graph\":[{\"@type\":\"WebPage\",\"@id\":\"https:\\\/\\\/bap-software.net\\\/vi\\\/contact\\\/\",\"url\":\"https:\\\/\\\/bap-software.net\\\/vi\\\/contact\\\/\",\"name\":\"Partner with BAP today for your most innovative project\",\"isPartOf\":{\"@id\":\"https:\\\/\\\/bap-software.net\\\/vi\\\/#website\"},\"primaryImageOfPage\":{\"@id\":\"https:\\\/\\\/bap-software.net\\\/vi\\\/contact\\\/#primaryimage\"},\"image\":{\"@id\":\"https:\\\/\\\/bap-software.net\\\/vi\\\/contact\\\/#primaryimage\"},\"thumbnailUrl\":\"https:\\\/\\\/cdn.bap-software.net\\\/2020\\\/03\\\/contact.jpeg\",\"datePublished\":\"2017-08-25T05:00:29+00:00\",\"dateModified\":\"2026-01-26T02:54:53+00:00\",\"description\":\"\u304a\u554f\u3044\u5408\u308f\u305b\u3092\u5fc3\u3088\u308a\u304a\u5f85\u3061\u3057\u3066\u304a\u308a\u307e\u3059\uff01\u3059\u3050\u306b\u767a\u6ce8\u3059\u308b\u3088\u3046\u306a\u4ed5\u4e8b\u306e\u4f9d\u983c\u3067\u306a\u304f\u3066\u3082\u3001\u8a0e\u8ad6\u3092\u91cd\u306d\u3066\u30d3\u30b8\u30cd\u30b9\u3092\u751f\u307f\u51fa\u305b\u307e\u3059\",\"breadcrumb\":{\"@id\":\"https:\\\/\\\/bap-software.net\\\/vi\\\/contact\\\/#breadcrumb\"},\"inLanguage\":\"vi\",\"potentialAction\":[{\"@type\":\"ReadAction\",\"target\":[[\"https:\\\/\\\/bap-software.net\\\/vi\\\/contact\\\/\"]]}]},{\"@type\":\"ImageObject\",\"inLanguage\":\"vi\",\"@id\":\"https:\\\/\\\/bap-software.net\\\/vi\\\/contact\\\/#primaryimage\",\"url\":\"https:\\\/\\\/cdn.bap-software.net\\\/2020\\\/03\\\/contact.jpeg\",\"contentUrl\":\"https:\\\/\\\/cdn.bap-software.net\\\/2020\\\/03\\\/contact.jpeg\",\"width\":1440,\"height\":446},{\"@type\":\"BreadcrumbList\",\"@id\":\"https:\\\/\\\/bap-software.net\\\/vi\\\/contact\\\/#breadcrumb\",\"itemListElement\":[{\"@type\":\"ListItem\",\"position\":1,\"name\":\"Home\",\"item\":\"https:\\\/\\\/bap-software.net\\\/vi\\\/\"},{\"@type\":\"ListItem\",\"position\":2,\"name\":\"Li\u00ean H\u1ec7\"}]},{\"@type\":\"WebSite\",\"@id\":\"https:\\\/\\\/bap-software.net\\\/vi\\\/#website\",\"url\":\"https:\\\/\\\/bap-software.net\\\/vi\\\/\",\"name\":\"C\u00f4ng Ty C\u1ed5 Ph\u1ea7n \u0110\u1ea7u T\u01b0 V\u00e0 C\u00f4ng Ngh\u1ec7 BAP\",\"description\":\"\",\"potentialAction\":[{\"@type\":\"SearchAction\",\"target\":{\"@type\":\"EntryPoint\",\"urlTemplate\":\"https:\\\/\\\/bap-software.net\\\/vi\\\/?s={search_term_string}\"},\"query-input\":{\"@type\":\"PropertyValueSpecification\",\"valueRequired\":true,\"valueName\":\"search_term_string\"}}],\"inLanguage\":\"vi\"}]}<\/script>\n<!-- \/ Yoast SEO Premium plugin. -->","yoast_head_json":{"title":"Partner with BAP today for your most innovative project","description":"\u304a\u554f\u3044\u5408\u308f\u305b\u3092\u5fc3\u3088\u308a\u304a\u5f85\u3061\u3057\u3066\u304a\u308a\u307e\u3059\uff01\u3059\u3050\u306b\u767a\u6ce8\u3059\u308b\u3088\u3046\u306a\u4ed5\u4e8b\u306e\u4f9d\u983c\u3067\u306a\u304f\u3066\u3082\u3001\u8a0e\u8ad6\u3092\u91cd\u306d\u3066\u30d3\u30b8\u30cd\u30b9\u3092\u751f\u307f\u51fa\u305b\u307e\u3059","robots":{"index":"index","follow":"follow","max-snippet":"max-snippet:-1","max-image-preview":"max-image-preview:large","max-video-preview":"max-video-preview:-1"},"canonical":"https:\/\/bap-software.net\/vi\/contact\/","og_locale":"vi_VN","og_type":"article","og_title":"Li\u00ean H\u1ec7","og_description":"\u304a\u554f\u3044\u5408\u308f\u305b\u3092\u5fc3\u3088\u308a\u304a\u5f85\u3061\u3057\u3066\u304a\u308a\u307e\u3059\uff01\u3059\u3050\u306b\u767a\u6ce8\u3059\u308b\u3088\u3046\u306a\u4ed5\u4e8b\u306e\u4f9d\u983c\u3067\u306a\u304f\u3066\u3082\u3001\u8a0e\u8ad6\u3092\u91cd\u306d\u3066\u30d3\u30b8\u30cd\u30b9\u3092\u751f\u307f\u51fa\u305b\u307e\u3059","og_url":"https:\/\/bap-software.net\/vi\/contact\/","og_site_name":"C\u00f4ng Ty C\u1ed5 Ph\u1ea7n \u0110\u1ea7u T\u01b0 V\u00e0 C\u00f4ng Ngh\u1ec7 BAP","article_publisher":"https:\/\/www.facebook.com\/bap32","article_modified_time":"2026-01-26T02:54:53+00:00","og_image":[{"width":1440,"height":446,"url":"https:\/\/cdn.bap-software.net\/2020\/03\/contact.jpeg","type":"image\/jpeg"}],"twitter_card":"summary_large_image","twitter_site":"@bapsoftware","schema":{"@context":"https:\/\/schema.org","@graph":[{"@type":"WebPage","@id":"https:\/\/bap-software.net\/vi\/contact\/","url":"https:\/\/bap-software.net\/vi\/contact\/","name":"Partner with BAP today for your most innovative project","isPartOf":{"@id":"https:\/\/bap-software.net\/vi\/#website"},"primaryImageOfPage":{"@id":"https:\/\/bap-software.net\/vi\/contact\/#primaryimage"},"image":{"@id":"https:\/\/bap-software.net\/vi\/contact\/#primaryimage"},"thumbnailUrl":"https:\/\/cdn.bap-software.net\/2020\/03\/contact.jpeg","datePublished":"2017-08-25T05:00:29+00:00","dateModified":"2026-01-26T02:54:53+00:00","description":"\u304a\u554f\u3044\u5408\u308f\u305b\u3092\u5fc3\u3088\u308a\u304a\u5f85\u3061\u3057\u3066\u304a\u308a\u307e\u3059\uff01\u3059\u3050\u306b\u767a\u6ce8\u3059\u308b\u3088\u3046\u306a\u4ed5\u4e8b\u306e\u4f9d\u983c\u3067\u306a\u304f\u3066\u3082\u3001\u8a0e\u8ad6\u3092\u91cd\u306d\u3066\u30d3\u30b8\u30cd\u30b9\u3092\u751f\u307f\u51fa\u305b\u307e\u3059","breadcrumb":{"@id":"https:\/\/bap-software.net\/vi\/contact\/#breadcrumb"},"inLanguage":"vi","potentialAction":[{"@type":"ReadAction","target":[["https:\/\/bap-software.net\/vi\/contact\/"]]}]},{"@type":"ImageObject","inLanguage":"vi","@id":"https:\/\/bap-software.net\/vi\/contact\/#primaryimage","url":"https:\/\/cdn.bap-software.net\/2020\/03\/contact.jpeg","contentUrl":"https:\/\/cdn.bap-software.net\/2020\/03\/contact.jpeg","width":1440,"height":446},{"@type":"BreadcrumbList","@id":"https:\/\/bap-software.net\/vi\/contact\/#breadcrumb","itemListElement":[{"@type":"ListItem","position":1,"name":"Home","item":"https:\/\/bap-software.net\/vi\/"},{"@type":"ListItem","position":2,"name":"Li\u00ean H\u1ec7"}]},{"@type":"WebSite","@id":"https:\/\/bap-software.net\/vi\/#website","url":"https:\/\/bap-software.net\/vi\/","name":"C\u00f4ng Ty C\u1ed5 Ph\u1ea7n \u0110\u1ea7u T\u01b0 V\u00e0 C\u00f4ng Ngh\u1ec7 BAP","description":"","potentialAction":[{"@type":"SearchAction","target":{"@type":"EntryPoint","urlTemplate":"https:\/\/bap-software.net\/vi\/?s={search_term_string}"},"query-input":{"@type":"PropertyValueSpecification","valueRequired":true,"valueName":"search_term_string"}}],"inLanguage":"vi"}]}},"_links":{"self":[{"href":"https:\/\/bap-software.net\/vi\/wp-json\/wp\/v2\/pages\/29","targetHints":{"allow":["GET"]}}],"collection":[{"href":"https:\/\/bap-software.net\/vi\/wp-json\/wp\/v2\/pages"}],"about":[{"href":"https:\/\/bap-software.net\/vi\/wp-json\/wp\/v2\/types\/page"}],"author":[{"embeddable":true,"href":"https:\/\/bap-software.net\/vi\/wp-json\/wp\/v2\/users\/10"}],"replies":[{"embeddable":true,"href":"https:\/\/bap-software.net\/vi\/wp-json\/wp\/v2\/comments?post=29"}],"version-history":[{"count":0,"href":"https:\/\/bap-software.net\/vi\/wp-json\/wp\/v2\/pages\/29\/revisions"}],"wp:featuredmedia":[{"embeddable":true,"href":"https:\/\/bap-software.net\/vi\/wp-json\/wp\/v2\/media\/4613"}],"wp:attachment":[{"href":"https:\/\/bap-software.net\/vi\/wp-json\/wp\/v2\/media?parent=29"}],"curies":[{"name":"wp","href":"https:\/\/api.w.org\/{rel}","templated":true}]}}