{"id":8091,"date":"2022-12-30T15:35:38","date_gmt":"2022-12-30T08:35:38","guid":{"rendered":"https:\/\/bap-software.net\/?page_id=8091"},"modified":"2025-10-24T11:59:43","modified_gmt":"2025-10-24T04:59:43","slug":"home","status":"publish","type":"page","link":"https:\/\/bap-software.net\/vi\/home\/","title":{"rendered":"Home"},"content":{"rendered":"","protected":false},"excerpt":{"rendered":"","protected":false},"author":10,"featured_media":17639,"parent":0,"menu_order":0,"comment_status":"closed","ping_status":"closed","template":"page\/home-new.php","meta":{"_acf_changed":false,"footnotes":""},"class_list":["post-8091","page","type-page","status-publish","has-post-thumbnail","hentry"],"acf":[],"yoast_head":"<!-- This site is optimized with the Yoast SEO Premium plugin v26.1 (Yoast SEO v27.4) - https:\/\/yoast.com\/product\/yoast-seo-premium-wordpress\/ -->\n<title>C\u00f4ng ty c\u1ed5 ph\u1ea7n \u0111\u1ea7u t\u01b0 v\u00e0 c\u00f4ng ngh\u1ec7 BAP - Be Advanced Partner (BAP)<\/title>\n<meta name=\"description\" content=\"BAP Group v\u1edbi t\u1ea7m nh\u00ecn \u201cContribute innovation to the world\u201d, t\u00ean vi\u1ebft t\u1eaft c\u1ee7a Be Advanced Partner c\u00f3 ngh\u0129a l\u00e0 \u201c Ng\u01b0\u1eddi c\u1ed9ng s\u1ef1 c\u00f9ng ti\u1ebfn\u201d, lu\u00f4n tr\u00e2n qu\u00fd Kh\u00e1ch H\u00e0ng v\u00e0 Nh\u00e2n Vi\u00ean nh\u01b0 nh\u1eefng \u201cc\u1ed9ng s\u1ef1\u201d trong c\u00f4ng vi\u1ec7c, lu\u00f4n ch\u1ee7 \u0111\u1ed9ng chia s\u1ebb v\u00e0 ph\u00e1t tri\u1ec3n c\u00f9ng nhau.\" \/>\n<meta name=\"robots\" content=\"index, follow, max-snippet:-1, max-image-preview:large, max-video-preview:-1\" \/>\n<link rel=\"canonical\" href=\"https:\/\/bap-software.net\/vi\/home\/\" \/>\n<meta property=\"og:locale\" content=\"vi_VN\" \/>\n<meta property=\"og:type\" content=\"article\" \/>\n<meta property=\"og:title\" content=\"Home\" \/>\n<meta property=\"og:description\" content=\"BAP Group v\u1edbi t\u1ea7m nh\u00ecn \u201cContribute innovation to the world\u201d, t\u00ean vi\u1ebft t\u1eaft c\u1ee7a Be Advanced Partner c\u00f3 ngh\u0129a l\u00e0 \u201c Ng\u01b0\u1eddi c\u1ed9ng s\u1ef1 c\u00f9ng ti\u1ebfn\u201d, lu\u00f4n tr\u00e2n qu\u00fd Kh\u00e1ch H\u00e0ng v\u00e0 Nh\u00e2n Vi\u00ean nh\u01b0 nh\u1eefng \u201cc\u1ed9ng s\u1ef1\u201d trong c\u00f4ng vi\u1ec7c, lu\u00f4n ch\u1ee7 \u0111\u1ed9ng chia s\u1ebb v\u00e0 ph\u00e1t tri\u1ec3n c\u00f9ng nhau.\" \/>\n<meta property=\"og:url\" content=\"https:\/\/bap-software.net\/vi\/home\/\" \/>\n<meta property=\"og:site_name\" content=\"C\u00f4ng Ty C\u1ed5 Ph\u1ea7n \u0110\u1ea7u T\u01b0 V\u00e0 C\u00f4ng Ngh\u1ec7 BAP\" \/>\n<meta property=\"article:publisher\" content=\"https:\/\/www.facebook.com\/bap32\" \/>\n<meta property=\"article:modified_time\" content=\"2025-10-24T04:59:43+00:00\" \/>\n<meta property=\"og:image\" content=\"https:\/\/cdn.bap-software.net\/2024\/08\/20180721\/IMG_7083.webp\" \/>\n\t<meta property=\"og:image:width\" content=\"1080\" \/>\n\t<meta property=\"og:image:height\" content=\"720\" \/>\n\t<meta property=\"og:image:type\" content=\"image\/webp\" \/>\n<meta name=\"twitter:card\" content=\"summary_large_image\" \/>\n<meta name=\"twitter:site\" content=\"@bapsoftware\" \/>\n<script type=\"application\/ld+json\" class=\"yoast-schema-graph\">{\"@context\":\"https:\\\/\\\/schema.org\",\"@graph\":[{\"@type\":\"WebPage\",\"@id\":\"https:\\\/\\\/bap-software.net\\\/vi\\\/home\\\/\",\"url\":\"https:\\\/\\\/bap-software.net\\\/vi\\\/home\\\/\",\"name\":\"C\u00f4ng ty c\u1ed5 ph\u1ea7n \u0111\u1ea7u t\u01b0 v\u00e0 c\u00f4ng ngh\u1ec7 BAP - Be Advanced Partner (BAP)\",\"isPartOf\":{\"@id\":\"https:\\\/\\\/bap-software.net\\\/vi\\\/#website\"},\"primaryImageOfPage\":{\"@id\":\"https:\\\/\\\/bap-software.net\\\/vi\\\/home\\\/#primaryimage\"},\"image\":{\"@id\":\"https:\\\/\\\/bap-software.net\\\/vi\\\/home\\\/#primaryimage\"},\"thumbnailUrl\":\"https:\\\/\\\/cdn.bap-software.net\\\/2024\\\/08\\\/20180721\\\/IMG_7083.webp\",\"datePublished\":\"2022-12-30T08:35:38+00:00\",\"dateModified\":\"2025-10-24T04:59:43+00:00\",\"description\":\"BAP Group v\u1edbi t\u1ea7m nh\u00ecn \u201cContribute innovation to the world\u201d, t\u00ean vi\u1ebft t\u1eaft c\u1ee7a Be Advanced Partner c\u00f3 ngh\u0129a l\u00e0 \u201c Ng\u01b0\u1eddi c\u1ed9ng s\u1ef1 c\u00f9ng ti\u1ebfn\u201d, lu\u00f4n tr\u00e2n qu\u00fd Kh\u00e1ch H\u00e0ng v\u00e0 Nh\u00e2n Vi\u00ean nh\u01b0 nh\u1eefng \u201cc\u1ed9ng s\u1ef1\u201d trong c\u00f4ng vi\u1ec7c, lu\u00f4n ch\u1ee7 \u0111\u1ed9ng chia s\u1ebb v\u00e0 ph\u00e1t tri\u1ec3n c\u00f9ng nhau.\",\"breadcrumb\":{\"@id\":\"https:\\\/\\\/bap-software.net\\\/vi\\\/home\\\/#breadcrumb\"},\"inLanguage\":\"vi\",\"potentialAction\":[{\"@type\":\"ReadAction\",\"target\":[[\"https:\\\/\\\/bap-software.net\\\/vi\\\/home\\\/\"]]}]},{\"@type\":\"ImageObject\",\"inLanguage\":\"vi\",\"@id\":\"https:\\\/\\\/bap-software.net\\\/vi\\\/home\\\/#primaryimage\",\"url\":\"https:\\\/\\\/cdn.bap-software.net\\\/2024\\\/08\\\/20180721\\\/IMG_7083.webp\",\"contentUrl\":\"https:\\\/\\\/cdn.bap-software.net\\\/2024\\\/08\\\/20180721\\\/IMG_7083.webp\",\"width\":1080,\"height\":720,\"caption\":\"BAP TRIP 2024\"},{\"@type\":\"BreadcrumbList\",\"@id\":\"https:\\\/\\\/bap-software.net\\\/vi\\\/home\\\/#breadcrumb\",\"itemListElement\":[{\"@type\":\"ListItem\",\"position\":1,\"name\":\"Home\",\"item\":\"https:\\\/\\\/bap-software.net\\\/vi\\\/\"},{\"@type\":\"ListItem\",\"position\":2,\"name\":\"Home\"}]},{\"@type\":\"WebSite\",\"@id\":\"https:\\\/\\\/bap-software.net\\\/vi\\\/#website\",\"url\":\"https:\\\/\\\/bap-software.net\\\/vi\\\/\",\"name\":\"C\u00f4ng Ty C\u1ed5 Ph\u1ea7n \u0110\u1ea7u T\u01b0 V\u00e0 C\u00f4ng Ngh\u1ec7 BAP\",\"description\":\"\",\"potentialAction\":[{\"@type\":\"SearchAction\",\"target\":{\"@type\":\"EntryPoint\",\"urlTemplate\":\"https:\\\/\\\/bap-software.net\\\/vi\\\/?s={search_term_string}\"},\"query-input\":{\"@type\":\"PropertyValueSpecification\",\"valueRequired\":true,\"valueName\":\"search_term_string\"}}],\"inLanguage\":\"vi\"}]}<\/script>\n<!-- \/ Yoast SEO Premium plugin. -->","yoast_head_json":{"title":"C\u00f4ng ty c\u1ed5 ph\u1ea7n \u0111\u1ea7u t\u01b0 v\u00e0 c\u00f4ng ngh\u1ec7 BAP - Be Advanced Partner (BAP)","description":"BAP Group v\u1edbi t\u1ea7m nh\u00ecn \u201cContribute innovation to the world\u201d, t\u00ean vi\u1ebft t\u1eaft c\u1ee7a Be Advanced Partner c\u00f3 ngh\u0129a l\u00e0 \u201c Ng\u01b0\u1eddi c\u1ed9ng s\u1ef1 c\u00f9ng ti\u1ebfn\u201d, lu\u00f4n tr\u00e2n qu\u00fd Kh\u00e1ch H\u00e0ng v\u00e0 Nh\u00e2n Vi\u00ean nh\u01b0 nh\u1eefng \u201cc\u1ed9ng s\u1ef1\u201d trong c\u00f4ng vi\u1ec7c, lu\u00f4n ch\u1ee7 \u0111\u1ed9ng chia s\u1ebb v\u00e0 ph\u00e1t tri\u1ec3n c\u00f9ng nhau.","robots":{"index":"index","follow":"follow","max-snippet":"max-snippet:-1","max-image-preview":"max-image-preview:large","max-video-preview":"max-video-preview:-1"},"canonical":"https:\/\/bap-software.net\/vi\/home\/","og_locale":"vi_VN","og_type":"article","og_title":"Home","og_description":"BAP Group v\u1edbi t\u1ea7m nh\u00ecn \u201cContribute innovation to the world\u201d, t\u00ean vi\u1ebft t\u1eaft c\u1ee7a Be Advanced Partner c\u00f3 ngh\u0129a l\u00e0 \u201c Ng\u01b0\u1eddi c\u1ed9ng s\u1ef1 c\u00f9ng ti\u1ebfn\u201d, lu\u00f4n tr\u00e2n qu\u00fd Kh\u00e1ch H\u00e0ng v\u00e0 Nh\u00e2n Vi\u00ean nh\u01b0 nh\u1eefng \u201cc\u1ed9ng s\u1ef1\u201d trong c\u00f4ng vi\u1ec7c, lu\u00f4n ch\u1ee7 \u0111\u1ed9ng chia s\u1ebb v\u00e0 ph\u00e1t tri\u1ec3n c\u00f9ng nhau.","og_url":"https:\/\/bap-software.net\/vi\/home\/","og_site_name":"C\u00f4ng Ty C\u1ed5 Ph\u1ea7n \u0110\u1ea7u T\u01b0 V\u00e0 C\u00f4ng Ngh\u1ec7 BAP","article_publisher":"https:\/\/www.facebook.com\/bap32","article_modified_time":"2025-10-24T04:59:43+00:00","og_image":[{"width":1080,"height":720,"url":"https:\/\/cdn.bap-software.net\/2024\/08\/20180721\/IMG_7083.webp","type":"image\/webp"}],"twitter_card":"summary_large_image","twitter_site":"@bapsoftware","schema":{"@context":"https:\/\/schema.org","@graph":[{"@type":"WebPage","@id":"https:\/\/bap-software.net\/vi\/home\/","url":"https:\/\/bap-software.net\/vi\/home\/","name":"C\u00f4ng ty c\u1ed5 ph\u1ea7n \u0111\u1ea7u t\u01b0 v\u00e0 c\u00f4ng ngh\u1ec7 BAP - Be Advanced Partner (BAP)","isPartOf":{"@id":"https:\/\/bap-software.net\/vi\/#website"},"primaryImageOfPage":{"@id":"https:\/\/bap-software.net\/vi\/home\/#primaryimage"},"image":{"@id":"https:\/\/bap-software.net\/vi\/home\/#primaryimage"},"thumbnailUrl":"https:\/\/cdn.bap-software.net\/2024\/08\/20180721\/IMG_7083.webp","datePublished":"2022-12-30T08:35:38+00:00","dateModified":"2025-10-24T04:59:43+00:00","description":"BAP Group v\u1edbi t\u1ea7m nh\u00ecn \u201cContribute innovation to the world\u201d, t\u00ean vi\u1ebft t\u1eaft c\u1ee7a Be Advanced Partner c\u00f3 ngh\u0129a l\u00e0 \u201c Ng\u01b0\u1eddi c\u1ed9ng s\u1ef1 c\u00f9ng ti\u1ebfn\u201d, lu\u00f4n tr\u00e2n qu\u00fd Kh\u00e1ch H\u00e0ng v\u00e0 Nh\u00e2n Vi\u00ean nh\u01b0 nh\u1eefng \u201cc\u1ed9ng s\u1ef1\u201d trong c\u00f4ng vi\u1ec7c, lu\u00f4n ch\u1ee7 \u0111\u1ed9ng chia s\u1ebb v\u00e0 ph\u00e1t tri\u1ec3n c\u00f9ng nhau.","breadcrumb":{"@id":"https:\/\/bap-software.net\/vi\/home\/#breadcrumb"},"inLanguage":"vi","potentialAction":[{"@type":"ReadAction","target":[["https:\/\/bap-software.net\/vi\/home\/"]]}]},{"@type":"ImageObject","inLanguage":"vi","@id":"https:\/\/bap-software.net\/vi\/home\/#primaryimage","url":"https:\/\/cdn.bap-software.net\/2024\/08\/20180721\/IMG_7083.webp","contentUrl":"https:\/\/cdn.bap-software.net\/2024\/08\/20180721\/IMG_7083.webp","width":1080,"height":720,"caption":"BAP TRIP 2024"},{"@type":"BreadcrumbList","@id":"https:\/\/bap-software.net\/vi\/home\/#breadcrumb","itemListElement":[{"@type":"ListItem","position":1,"name":"Home","item":"https:\/\/bap-software.net\/vi\/"},{"@type":"ListItem","position":2,"name":"Home"}]},{"@type":"WebSite","@id":"https:\/\/bap-software.net\/vi\/#website","url":"https:\/\/bap-software.net\/vi\/","name":"C\u00f4ng Ty C\u1ed5 Ph\u1ea7n \u0110\u1ea7u T\u01b0 V\u00e0 C\u00f4ng Ngh\u1ec7 BAP","description":"","potentialAction":[{"@type":"SearchAction","target":{"@type":"EntryPoint","urlTemplate":"https:\/\/bap-software.net\/vi\/?s={search_term_string}"},"query-input":{"@type":"PropertyValueSpecification","valueRequired":true,"valueName":"search_term_string"}}],"inLanguage":"vi"}]}},"_links":{"self":[{"href":"https:\/\/bap-software.net\/vi\/wp-json\/wp\/v2\/pages\/8091","targetHints":{"allow":["GET"]}}],"collection":[{"href":"https:\/\/bap-software.net\/vi\/wp-json\/wp\/v2\/pages"}],"about":[{"href":"https:\/\/bap-software.net\/vi\/wp-json\/wp\/v2\/types\/page"}],"author":[{"embeddable":true,"href":"https:\/\/bap-software.net\/vi\/wp-json\/wp\/v2\/users\/10"}],"replies":[{"embeddable":true,"href":"https:\/\/bap-software.net\/vi\/wp-json\/wp\/v2\/comments?post=8091"}],"version-history":[{"count":0,"href":"https:\/\/bap-software.net\/vi\/wp-json\/wp\/v2\/pages\/8091\/revisions"}],"wp:featuredmedia":[{"embeddable":true,"href":"https:\/\/bap-software.net\/vi\/wp-json\/wp\/v2\/media\/17639"}],"wp:attachment":[{"href":"https:\/\/bap-software.net\/vi\/wp-json\/wp\/v2\/media?parent=8091"}],"curies":[{"name":"wp","href":"https:\/\/api.w.org\/{rel}","templated":true}]}}