{"id":8101,"date":"2022-04-18T16:47:39","date_gmt":"2022-04-18T09:47:39","guid":{"rendered":"https:\/\/stg.bap-software.net\/?page_id=6818"},"modified":"2025-07-17T10:38:23","modified_gmt":"2025-07-17T03:38:23","slug":"history","status":"publish","type":"page","link":"https:\/\/bap-software.net\/vi\/history\/","title":{"rendered":"L\u1ecaCH S\u1eec"},"content":{"rendered":"","protected":false},"excerpt":{"rendered":"","protected":false},"author":10,"featured_media":0,"parent":0,"menu_order":0,"comment_status":"closed","ping_status":"closed","template":"page\/history.php","meta":{"_acf_changed":false,"footnotes":""},"class_list":["post-8101","page","type-page","status-publish","hentry"],"acf":[],"yoast_head":"<!-- This site is optimized with the Yoast SEO Premium plugin v26.1 (Yoast SEO v27.3) - https:\/\/yoast.com\/product\/yoast-seo-premium-wordpress\/ -->\n<title>History - C\u00f4ng ty c\u1ed5 ph\u1ea7n \u0111\u1ea7u t\u01b0 v\u00e0 c\u00f4ng ngh\u1ec7 BAP<\/title>\n<meta name=\"description\" content=\"C\u00f4ng ty c\u1ed5 ph\u1ea7n \u0111\u1ea7u t\u01b0 v\u00e0 c\u00f4ng ngh\u1ec7 BAP \u0111\u01b0\u1ee3c th\u00e0nh l\u1eadp v\u00e0o th\u00e1ng 05\/2016. \u0110\u1ebfn nay \u0111\u00e3 c\u00f3 h\u01a1n 500 nh\u00e2n vi\u00ean \u1edf 8 v\u0103n ph\u00f2ng tr\u1ea3i d\u00e0i tr\u00ean 4 qu\u1ed1c gia.\" \/>\n<meta name=\"robots\" content=\"index, follow, max-snippet:-1, max-image-preview:large, max-video-preview:-1\" \/>\n<link rel=\"canonical\" href=\"https:\/\/bap-software.net\/vi\/history\/\" \/>\n<meta property=\"og:locale\" content=\"vi_VN\" \/>\n<meta property=\"og:type\" content=\"article\" \/>\n<meta property=\"og:title\" content=\"L\u1ecaCH S\u1eec\" \/>\n<meta property=\"og:description\" content=\"C\u00f4ng ty c\u1ed5 ph\u1ea7n \u0111\u1ea7u t\u01b0 v\u00e0 c\u00f4ng ngh\u1ec7 BAP \u0111\u01b0\u1ee3c th\u00e0nh l\u1eadp v\u00e0o th\u00e1ng 05\/2016. \u0110\u1ebfn nay \u0111\u00e3 c\u00f3 h\u01a1n 500 nh\u00e2n vi\u00ean \u1edf 8 v\u0103n ph\u00f2ng tr\u1ea3i d\u00e0i tr\u00ean 4 qu\u1ed1c gia.\" \/>\n<meta property=\"og:url\" content=\"https:\/\/bap-software.net\/vi\/history\/\" \/>\n<meta property=\"og:site_name\" content=\"C\u00f4ng Ty C\u1ed5 Ph\u1ea7n \u0110\u1ea7u T\u01b0 V\u00e0 C\u00f4ng Ngh\u1ec7 BAP\" \/>\n<meta property=\"article:publisher\" content=\"https:\/\/www.facebook.com\/bap32\" \/>\n<meta property=\"article:modified_time\" content=\"2025-07-17T03:38:23+00:00\" \/>\n<meta name=\"twitter:card\" content=\"summary_large_image\" \/>\n<meta name=\"twitter:site\" content=\"@bapsoftware\" \/>\n<script type=\"application\/ld+json\" class=\"yoast-schema-graph\">{\"@context\":\"https:\\\/\\\/schema.org\",\"@graph\":[{\"@type\":\"WebPage\",\"@id\":\"https:\\\/\\\/bap-software.net\\\/vi\\\/history\\\/\",\"url\":\"https:\\\/\\\/bap-software.net\\\/vi\\\/history\\\/\",\"name\":\"History - C\u00f4ng ty c\u1ed5 ph\u1ea7n \u0111\u1ea7u t\u01b0 v\u00e0 c\u00f4ng ngh\u1ec7 BAP\",\"isPartOf\":{\"@id\":\"https:\\\/\\\/bap-software.net\\\/vi\\\/#website\"},\"datePublished\":\"2022-04-18T09:47:39+00:00\",\"dateModified\":\"2025-07-17T03:38:23+00:00\",\"description\":\"C\u00f4ng ty c\u1ed5 ph\u1ea7n \u0111\u1ea7u t\u01b0 v\u00e0 c\u00f4ng ngh\u1ec7 BAP \u0111\u01b0\u1ee3c th\u00e0nh l\u1eadp v\u00e0o th\u00e1ng 05\\\/2016. \u0110\u1ebfn nay \u0111\u00e3 c\u00f3 h\u01a1n 500 nh\u00e2n vi\u00ean \u1edf 8 v\u0103n ph\u00f2ng tr\u1ea3i d\u00e0i tr\u00ean 4 qu\u1ed1c gia.\",\"breadcrumb\":{\"@id\":\"https:\\\/\\\/bap-software.net\\\/vi\\\/history\\\/#breadcrumb\"},\"inLanguage\":\"vi\",\"potentialAction\":[{\"@type\":\"ReadAction\",\"target\":[[\"https:\\\/\\\/bap-software.net\\\/vi\\\/history\\\/\"]]}]},{\"@type\":\"BreadcrumbList\",\"@id\":\"https:\\\/\\\/bap-software.net\\\/vi\\\/history\\\/#breadcrumb\",\"itemListElement\":[{\"@type\":\"ListItem\",\"position\":1,\"name\":\"Home\",\"item\":\"https:\\\/\\\/bap-software.net\\\/vi\\\/\"},{\"@type\":\"ListItem\",\"position\":2,\"name\":\"L\u1ecaCH S\u1eec\"}]},{\"@type\":\"WebSite\",\"@id\":\"https:\\\/\\\/bap-software.net\\\/vi\\\/#website\",\"url\":\"https:\\\/\\\/bap-software.net\\\/vi\\\/\",\"name\":\"C\u00f4ng Ty C\u1ed5 Ph\u1ea7n \u0110\u1ea7u T\u01b0 V\u00e0 C\u00f4ng Ngh\u1ec7 BAP\",\"description\":\"\",\"potentialAction\":[{\"@type\":\"SearchAction\",\"target\":{\"@type\":\"EntryPoint\",\"urlTemplate\":\"https:\\\/\\\/bap-software.net\\\/vi\\\/?s={search_term_string}\"},\"query-input\":{\"@type\":\"PropertyValueSpecification\",\"valueRequired\":true,\"valueName\":\"search_term_string\"}}],\"inLanguage\":\"vi\"}]}<\/script>\n<!-- \/ Yoast SEO Premium plugin. -->","yoast_head_json":{"title":"History - C\u00f4ng ty c\u1ed5 ph\u1ea7n \u0111\u1ea7u t\u01b0 v\u00e0 c\u00f4ng ngh\u1ec7 BAP","description":"C\u00f4ng ty c\u1ed5 ph\u1ea7n \u0111\u1ea7u t\u01b0 v\u00e0 c\u00f4ng ngh\u1ec7 BAP \u0111\u01b0\u1ee3c th\u00e0nh l\u1eadp v\u00e0o th\u00e1ng 05\/2016. \u0110\u1ebfn nay \u0111\u00e3 c\u00f3 h\u01a1n 500 nh\u00e2n vi\u00ean \u1edf 8 v\u0103n ph\u00f2ng tr\u1ea3i d\u00e0i tr\u00ean 4 qu\u1ed1c gia.","robots":{"index":"index","follow":"follow","max-snippet":"max-snippet:-1","max-image-preview":"max-image-preview:large","max-video-preview":"max-video-preview:-1"},"canonical":"https:\/\/bap-software.net\/vi\/history\/","og_locale":"vi_VN","og_type":"article","og_title":"L\u1ecaCH S\u1eec","og_description":"C\u00f4ng ty c\u1ed5 ph\u1ea7n \u0111\u1ea7u t\u01b0 v\u00e0 c\u00f4ng ngh\u1ec7 BAP \u0111\u01b0\u1ee3c th\u00e0nh l\u1eadp v\u00e0o th\u00e1ng 05\/2016. \u0110\u1ebfn nay \u0111\u00e3 c\u00f3 h\u01a1n 500 nh\u00e2n vi\u00ean \u1edf 8 v\u0103n ph\u00f2ng tr\u1ea3i d\u00e0i tr\u00ean 4 qu\u1ed1c gia.","og_url":"https:\/\/bap-software.net\/vi\/history\/","og_site_name":"C\u00f4ng Ty C\u1ed5 Ph\u1ea7n \u0110\u1ea7u T\u01b0 V\u00e0 C\u00f4ng Ngh\u1ec7 BAP","article_publisher":"https:\/\/www.facebook.com\/bap32","article_modified_time":"2025-07-17T03:38:23+00:00","twitter_card":"summary_large_image","twitter_site":"@bapsoftware","schema":{"@context":"https:\/\/schema.org","@graph":[{"@type":"WebPage","@id":"https:\/\/bap-software.net\/vi\/history\/","url":"https:\/\/bap-software.net\/vi\/history\/","name":"History - C\u00f4ng ty c\u1ed5 ph\u1ea7n \u0111\u1ea7u t\u01b0 v\u00e0 c\u00f4ng ngh\u1ec7 BAP","isPartOf":{"@id":"https:\/\/bap-software.net\/vi\/#website"},"datePublished":"2022-04-18T09:47:39+00:00","dateModified":"2025-07-17T03:38:23+00:00","description":"C\u00f4ng ty c\u1ed5 ph\u1ea7n \u0111\u1ea7u t\u01b0 v\u00e0 c\u00f4ng ngh\u1ec7 BAP \u0111\u01b0\u1ee3c th\u00e0nh l\u1eadp v\u00e0o th\u00e1ng 05\/2016. \u0110\u1ebfn nay \u0111\u00e3 c\u00f3 h\u01a1n 500 nh\u00e2n vi\u00ean \u1edf 8 v\u0103n ph\u00f2ng tr\u1ea3i d\u00e0i tr\u00ean 4 qu\u1ed1c gia.","breadcrumb":{"@id":"https:\/\/bap-software.net\/vi\/history\/#breadcrumb"},"inLanguage":"vi","potentialAction":[{"@type":"ReadAction","target":[["https:\/\/bap-software.net\/vi\/history\/"]]}]},{"@type":"BreadcrumbList","@id":"https:\/\/bap-software.net\/vi\/history\/#breadcrumb","itemListElement":[{"@type":"ListItem","position":1,"name":"Home","item":"https:\/\/bap-software.net\/vi\/"},{"@type":"ListItem","position":2,"name":"L\u1ecaCH S\u1eec"}]},{"@type":"WebSite","@id":"https:\/\/bap-software.net\/vi\/#website","url":"https:\/\/bap-software.net\/vi\/","name":"C\u00f4ng Ty C\u1ed5 Ph\u1ea7n \u0110\u1ea7u T\u01b0 V\u00e0 C\u00f4ng Ngh\u1ec7 BAP","description":"","potentialAction":[{"@type":"SearchAction","target":{"@type":"EntryPoint","urlTemplate":"https:\/\/bap-software.net\/vi\/?s={search_term_string}"},"query-input":{"@type":"PropertyValueSpecification","valueRequired":true,"valueName":"search_term_string"}}],"inLanguage":"vi"}]}},"_links":{"self":[{"href":"https:\/\/bap-software.net\/vi\/wp-json\/wp\/v2\/pages\/8101","targetHints":{"allow":["GET"]}}],"collection":[{"href":"https:\/\/bap-software.net\/vi\/wp-json\/wp\/v2\/pages"}],"about":[{"href":"https:\/\/bap-software.net\/vi\/wp-json\/wp\/v2\/types\/page"}],"author":[{"embeddable":true,"href":"https:\/\/bap-software.net\/vi\/wp-json\/wp\/v2\/users\/10"}],"replies":[{"embeddable":true,"href":"https:\/\/bap-software.net\/vi\/wp-json\/wp\/v2\/comments?post=8101"}],"version-history":[{"count":0,"href":"https:\/\/bap-software.net\/vi\/wp-json\/wp\/v2\/pages\/8101\/revisions"}],"wp:attachment":[{"href":"https:\/\/bap-software.net\/vi\/wp-json\/wp\/v2\/media?parent=8101"}],"curies":[{"name":"wp","href":"https:\/\/api.w.org\/{rel}","templated":true}]}}