{"id":8104,"date":"2022-04-18T16:48:23","date_gmt":"2022-04-18T09:48:23","guid":{"rendered":"https:\/\/stg.bap-software.net\/?page_id=6824"},"modified":"2025-07-17T10:37:38","modified_gmt":"2025-07-17T03:37:38","slug":"award","status":"publish","type":"page","link":"https:\/\/bap-software.net\/vi\/award\/","title":{"rendered":"TH\u00c0NH T\u1ef0U"},"content":{"rendered":"","protected":false},"excerpt":{"rendered":"","protected":false},"author":10,"featured_media":0,"parent":0,"menu_order":0,"comment_status":"closed","ping_status":"closed","template":"page\/adward.php","meta":{"_acf_changed":false,"footnotes":""},"class_list":["post-8104","page","type-page","status-publish","hentry"],"acf":[],"yoast_head":"<!-- This site is optimized with the Yoast SEO Premium plugin v26.1 (Yoast SEO v27.3) - https:\/\/yoast.com\/product\/yoast-seo-premium-wordpress\/ -->\n<title>Award - C\u00f4ng ty c\u1ed5 ph\u1ea7n \u0111\u1ea7u t\u01b0 v\u00e0 c\u00f4ng ngh\u1ec7 BAP<\/title>\n<meta name=\"description\" content=\"K\u1ec3 t\u1eeb khi th\u00e0nh l\u1eadp \u0111\u1ebfn nay, BAP Software \u0111\u00e3 \u0111\u1ea1t \u0111\u01b0\u1ee3c r\u1ea5t nhi\u1ec1u th\u00e0nh t\u1ef1u, gi\u1ea3i th\u01b0\u1edfng nh\u01b0: Gi\u1ea3i Sao Khu\u00ea 2023, Ch\u1ee9ng nh\u1eadn ISO 9001, ISO 27001,...\" \/>\n<meta name=\"robots\" content=\"index, follow, max-snippet:-1, max-image-preview:large, max-video-preview:-1\" \/>\n<link rel=\"canonical\" href=\"https:\/\/bap-software.net\/vi\/award\/\" \/>\n<meta property=\"og:locale\" content=\"vi_VN\" \/>\n<meta property=\"og:type\" content=\"article\" \/>\n<meta property=\"og:title\" content=\"TH\u00c0NH T\u1ef0U\" \/>\n<meta property=\"og:description\" content=\"K\u1ec3 t\u1eeb khi th\u00e0nh l\u1eadp \u0111\u1ebfn nay, BAP Software \u0111\u00e3 \u0111\u1ea1t \u0111\u01b0\u1ee3c r\u1ea5t nhi\u1ec1u th\u00e0nh t\u1ef1u, gi\u1ea3i th\u01b0\u1edfng nh\u01b0: Gi\u1ea3i Sao Khu\u00ea 2023, Ch\u1ee9ng nh\u1eadn ISO 9001, ISO 27001,...\" \/>\n<meta property=\"og:url\" content=\"https:\/\/bap-software.net\/vi\/award\/\" \/>\n<meta property=\"og:site_name\" content=\"C\u00f4ng Ty C\u1ed5 Ph\u1ea7n \u0110\u1ea7u T\u01b0 V\u00e0 C\u00f4ng Ngh\u1ec7 BAP\" \/>\n<meta property=\"article:publisher\" content=\"https:\/\/www.facebook.com\/bap32\" \/>\n<meta property=\"article:modified_time\" content=\"2025-07-17T03:37:38+00:00\" \/>\n<meta name=\"twitter:card\" content=\"summary_large_image\" \/>\n<meta name=\"twitter:site\" content=\"@bapsoftware\" \/>\n<script type=\"application\/ld+json\" class=\"yoast-schema-graph\">{\"@context\":\"https:\\\/\\\/schema.org\",\"@graph\":[{\"@type\":\"WebPage\",\"@id\":\"https:\\\/\\\/bap-software.net\\\/vi\\\/award\\\/\",\"url\":\"https:\\\/\\\/bap-software.net\\\/vi\\\/award\\\/\",\"name\":\"Award - C\u00f4ng ty c\u1ed5 ph\u1ea7n \u0111\u1ea7u t\u01b0 v\u00e0 c\u00f4ng ngh\u1ec7 BAP\",\"isPartOf\":{\"@id\":\"https:\\\/\\\/bap-software.net\\\/vi\\\/#website\"},\"datePublished\":\"2022-04-18T09:48:23+00:00\",\"dateModified\":\"2025-07-17T03:37:38+00:00\",\"description\":\"K\u1ec3 t\u1eeb khi th\u00e0nh l\u1eadp \u0111\u1ebfn nay, BAP Software \u0111\u00e3 \u0111\u1ea1t \u0111\u01b0\u1ee3c r\u1ea5t nhi\u1ec1u th\u00e0nh t\u1ef1u, gi\u1ea3i th\u01b0\u1edfng nh\u01b0: Gi\u1ea3i Sao Khu\u00ea 2023, Ch\u1ee9ng nh\u1eadn ISO 9001, ISO 27001,...\",\"breadcrumb\":{\"@id\":\"https:\\\/\\\/bap-software.net\\\/vi\\\/award\\\/#breadcrumb\"},\"inLanguage\":\"vi\",\"potentialAction\":[{\"@type\":\"ReadAction\",\"target\":[[\"https:\\\/\\\/bap-software.net\\\/vi\\\/award\\\/\"]]}]},{\"@type\":\"BreadcrumbList\",\"@id\":\"https:\\\/\\\/bap-software.net\\\/vi\\\/award\\\/#breadcrumb\",\"itemListElement\":[{\"@type\":\"ListItem\",\"position\":1,\"name\":\"Home\",\"item\":\"https:\\\/\\\/bap-software.net\\\/vi\\\/\"},{\"@type\":\"ListItem\",\"position\":2,\"name\":\"TH\u00c0NH T\u1ef0U\"}]},{\"@type\":\"WebSite\",\"@id\":\"https:\\\/\\\/bap-software.net\\\/vi\\\/#website\",\"url\":\"https:\\\/\\\/bap-software.net\\\/vi\\\/\",\"name\":\"C\u00f4ng Ty C\u1ed5 Ph\u1ea7n \u0110\u1ea7u T\u01b0 V\u00e0 C\u00f4ng Ngh\u1ec7 BAP\",\"description\":\"\",\"potentialAction\":[{\"@type\":\"SearchAction\",\"target\":{\"@type\":\"EntryPoint\",\"urlTemplate\":\"https:\\\/\\\/bap-software.net\\\/vi\\\/?s={search_term_string}\"},\"query-input\":{\"@type\":\"PropertyValueSpecification\",\"valueRequired\":true,\"valueName\":\"search_term_string\"}}],\"inLanguage\":\"vi\"}]}<\/script>\n<!-- \/ Yoast SEO Premium plugin. -->","yoast_head_json":{"title":"Award - C\u00f4ng ty c\u1ed5 ph\u1ea7n \u0111\u1ea7u t\u01b0 v\u00e0 c\u00f4ng ngh\u1ec7 BAP","description":"K\u1ec3 t\u1eeb khi th\u00e0nh l\u1eadp \u0111\u1ebfn nay, BAP Software \u0111\u00e3 \u0111\u1ea1t \u0111\u01b0\u1ee3c r\u1ea5t nhi\u1ec1u th\u00e0nh t\u1ef1u, gi\u1ea3i th\u01b0\u1edfng nh\u01b0: Gi\u1ea3i Sao Khu\u00ea 2023, Ch\u1ee9ng nh\u1eadn ISO 9001, ISO 27001,...","robots":{"index":"index","follow":"follow","max-snippet":"max-snippet:-1","max-image-preview":"max-image-preview:large","max-video-preview":"max-video-preview:-1"},"canonical":"https:\/\/bap-software.net\/vi\/award\/","og_locale":"vi_VN","og_type":"article","og_title":"TH\u00c0NH T\u1ef0U","og_description":"K\u1ec3 t\u1eeb khi th\u00e0nh l\u1eadp \u0111\u1ebfn nay, BAP Software \u0111\u00e3 \u0111\u1ea1t \u0111\u01b0\u1ee3c r\u1ea5t nhi\u1ec1u th\u00e0nh t\u1ef1u, gi\u1ea3i th\u01b0\u1edfng nh\u01b0: Gi\u1ea3i Sao Khu\u00ea 2023, Ch\u1ee9ng nh\u1eadn ISO 9001, ISO 27001,...","og_url":"https:\/\/bap-software.net\/vi\/award\/","og_site_name":"C\u00f4ng Ty C\u1ed5 Ph\u1ea7n \u0110\u1ea7u T\u01b0 V\u00e0 C\u00f4ng Ngh\u1ec7 BAP","article_publisher":"https:\/\/www.facebook.com\/bap32","article_modified_time":"2025-07-17T03:37:38+00:00","twitter_card":"summary_large_image","twitter_site":"@bapsoftware","schema":{"@context":"https:\/\/schema.org","@graph":[{"@type":"WebPage","@id":"https:\/\/bap-software.net\/vi\/award\/","url":"https:\/\/bap-software.net\/vi\/award\/","name":"Award - C\u00f4ng ty c\u1ed5 ph\u1ea7n \u0111\u1ea7u t\u01b0 v\u00e0 c\u00f4ng ngh\u1ec7 BAP","isPartOf":{"@id":"https:\/\/bap-software.net\/vi\/#website"},"datePublished":"2022-04-18T09:48:23+00:00","dateModified":"2025-07-17T03:37:38+00:00","description":"K\u1ec3 t\u1eeb khi th\u00e0nh l\u1eadp \u0111\u1ebfn nay, BAP Software \u0111\u00e3 \u0111\u1ea1t \u0111\u01b0\u1ee3c r\u1ea5t nhi\u1ec1u th\u00e0nh t\u1ef1u, gi\u1ea3i th\u01b0\u1edfng nh\u01b0: Gi\u1ea3i Sao Khu\u00ea 2023, Ch\u1ee9ng nh\u1eadn ISO 9001, ISO 27001,...","breadcrumb":{"@id":"https:\/\/bap-software.net\/vi\/award\/#breadcrumb"},"inLanguage":"vi","potentialAction":[{"@type":"ReadAction","target":[["https:\/\/bap-software.net\/vi\/award\/"]]}]},{"@type":"BreadcrumbList","@id":"https:\/\/bap-software.net\/vi\/award\/#breadcrumb","itemListElement":[{"@type":"ListItem","position":1,"name":"Home","item":"https:\/\/bap-software.net\/vi\/"},{"@type":"ListItem","position":2,"name":"TH\u00c0NH T\u1ef0U"}]},{"@type":"WebSite","@id":"https:\/\/bap-software.net\/vi\/#website","url":"https:\/\/bap-software.net\/vi\/","name":"C\u00f4ng Ty C\u1ed5 Ph\u1ea7n \u0110\u1ea7u T\u01b0 V\u00e0 C\u00f4ng Ngh\u1ec7 BAP","description":"","potentialAction":[{"@type":"SearchAction","target":{"@type":"EntryPoint","urlTemplate":"https:\/\/bap-software.net\/vi\/?s={search_term_string}"},"query-input":{"@type":"PropertyValueSpecification","valueRequired":true,"valueName":"search_term_string"}}],"inLanguage":"vi"}]}},"_links":{"self":[{"href":"https:\/\/bap-software.net\/vi\/wp-json\/wp\/v2\/pages\/8104","targetHints":{"allow":["GET"]}}],"collection":[{"href":"https:\/\/bap-software.net\/vi\/wp-json\/wp\/v2\/pages"}],"about":[{"href":"https:\/\/bap-software.net\/vi\/wp-json\/wp\/v2\/types\/page"}],"author":[{"embeddable":true,"href":"https:\/\/bap-software.net\/vi\/wp-json\/wp\/v2\/users\/10"}],"replies":[{"embeddable":true,"href":"https:\/\/bap-software.net\/vi\/wp-json\/wp\/v2\/comments?post=8104"}],"version-history":[{"count":0,"href":"https:\/\/bap-software.net\/vi\/wp-json\/wp\/v2\/pages\/8104\/revisions"}],"wp:attachment":[{"href":"https:\/\/bap-software.net\/vi\/wp-json\/wp\/v2\/media?parent=8104"}],"curies":[{"name":"wp","href":"https:\/\/api.w.org\/{rel}","templated":true}]}}