{"id":8106,"date":"2022-04-18T16:48:50","date_gmt":"2022-04-18T09:48:50","guid":{"rendered":"https:\/\/stg.bap-software.net\/?page_id=6828"},"modified":"2025-01-20T13:52:41","modified_gmt":"2025-01-20T06:52:41","slug":"tv-channels","status":"publish","type":"page","link":"https:\/\/bap-software.net\/vi\/tv-channels\/","title":{"rendered":"TV CHANNELS"},"content":{"rendered":"","protected":false},"excerpt":{"rendered":"","protected":false},"author":10,"featured_media":0,"parent":0,"menu_order":0,"comment_status":"closed","ping_status":"closed","template":"page\/tv_channels.php","meta":{"_acf_changed":false,"footnotes":""},"class_list":["post-8106","page","type-page","status-publish","hentry"],"acf":[],"yoast_head":"<!-- This site is optimized with the Yoast SEO Premium plugin v26.1 (Yoast SEO v27.3) - https:\/\/yoast.com\/product\/yoast-seo-premium-wordpress\/ -->\n<title>TV Channels - C\u00f4ng ty c\u1ed5 ph\u1ea7n \u0111\u1ea7u t\u01b0 v\u00e0 c\u00f4ng ngh\u1ec7 BAP<\/title>\n<meta name=\"description\" content=\"K\u00eanh th\u00f4ng tin c\u1eadp nh\u1eadt nh\u1eefng Video h\u1ea5p d\u1eabn v\u1ec1 c\u00e1c ho\u1ea1t \u0111\u1ed9ng c\u1ee7a BAP, c\u0169ng l\u00e0 n\u01a1i chia s\u1ebb nh\u1eefng ki\u1ebfn th\u1ee9c b\u1ed5 \u00edch d\u00e0nh cho l\u1eadp tr\u00ecnh vi\u00ean c\u0169ng nh\u01b0 qu\u00fd \u0110\u1ed1i t\u00e1c\" \/>\n<meta name=\"robots\" content=\"index, follow, max-snippet:-1, max-image-preview:large, max-video-preview:-1\" \/>\n<link rel=\"canonical\" href=\"https:\/\/bap-software.net\/vi\/tv-channels\/\" \/>\n<meta property=\"og:locale\" content=\"vi_VN\" \/>\n<meta property=\"og:type\" content=\"article\" \/>\n<meta property=\"og:title\" content=\"TV CHANNELS\" \/>\n<meta property=\"og:description\" content=\"K\u00eanh th\u00f4ng tin c\u1eadp nh\u1eadt nh\u1eefng Video h\u1ea5p d\u1eabn v\u1ec1 c\u00e1c ho\u1ea1t \u0111\u1ed9ng c\u1ee7a BAP, c\u0169ng l\u00e0 n\u01a1i chia s\u1ebb nh\u1eefng ki\u1ebfn th\u1ee9c b\u1ed5 \u00edch d\u00e0nh cho l\u1eadp tr\u00ecnh vi\u00ean c\u0169ng nh\u01b0 qu\u00fd \u0110\u1ed1i t\u00e1c\" \/>\n<meta property=\"og:url\" content=\"https:\/\/bap-software.net\/vi\/tv-channels\/\" \/>\n<meta property=\"og:site_name\" content=\"C\u00f4ng Ty C\u1ed5 Ph\u1ea7n \u0110\u1ea7u T\u01b0 V\u00e0 C\u00f4ng Ngh\u1ec7 BAP\" \/>\n<meta property=\"article:publisher\" content=\"https:\/\/www.facebook.com\/bap32\" \/>\n<meta property=\"article:modified_time\" content=\"2025-01-20T06:52:41+00:00\" \/>\n<meta name=\"twitter:card\" content=\"summary_large_image\" \/>\n<meta name=\"twitter:site\" content=\"@bapsoftware\" \/>\n<script type=\"application\/ld+json\" class=\"yoast-schema-graph\">{\"@context\":\"https:\\\/\\\/schema.org\",\"@graph\":[{\"@type\":\"WebPage\",\"@id\":\"https:\\\/\\\/bap-software.net\\\/vi\\\/tv-channels\\\/\",\"url\":\"https:\\\/\\\/bap-software.net\\\/vi\\\/tv-channels\\\/\",\"name\":\"TV Channels - C\u00f4ng ty c\u1ed5 ph\u1ea7n \u0111\u1ea7u t\u01b0 v\u00e0 c\u00f4ng ngh\u1ec7 BAP\",\"isPartOf\":{\"@id\":\"https:\\\/\\\/bap-software.net\\\/vi\\\/#website\"},\"datePublished\":\"2022-04-18T09:48:50+00:00\",\"dateModified\":\"2025-01-20T06:52:41+00:00\",\"description\":\"K\u00eanh th\u00f4ng tin c\u1eadp nh\u1eadt nh\u1eefng Video h\u1ea5p d\u1eabn v\u1ec1 c\u00e1c ho\u1ea1t \u0111\u1ed9ng c\u1ee7a BAP, c\u0169ng l\u00e0 n\u01a1i chia s\u1ebb nh\u1eefng ki\u1ebfn th\u1ee9c b\u1ed5 \u00edch d\u00e0nh cho l\u1eadp tr\u00ecnh vi\u00ean c\u0169ng nh\u01b0 qu\u00fd \u0110\u1ed1i t\u00e1c\",\"breadcrumb\":{\"@id\":\"https:\\\/\\\/bap-software.net\\\/vi\\\/tv-channels\\\/#breadcrumb\"},\"inLanguage\":\"vi\",\"potentialAction\":[{\"@type\":\"ReadAction\",\"target\":[[\"https:\\\/\\\/bap-software.net\\\/vi\\\/tv-channels\\\/\"]]}]},{\"@type\":\"BreadcrumbList\",\"@id\":\"https:\\\/\\\/bap-software.net\\\/vi\\\/tv-channels\\\/#breadcrumb\",\"itemListElement\":[{\"@type\":\"ListItem\",\"position\":1,\"name\":\"Home\",\"item\":\"https:\\\/\\\/bap-software.net\\\/vi\\\/\"},{\"@type\":\"ListItem\",\"position\":2,\"name\":\"TV CHANNELS\"}]},{\"@type\":\"WebSite\",\"@id\":\"https:\\\/\\\/bap-software.net\\\/vi\\\/#website\",\"url\":\"https:\\\/\\\/bap-software.net\\\/vi\\\/\",\"name\":\"C\u00f4ng Ty C\u1ed5 Ph\u1ea7n \u0110\u1ea7u T\u01b0 V\u00e0 C\u00f4ng Ngh\u1ec7 BAP\",\"description\":\"\",\"potentialAction\":[{\"@type\":\"SearchAction\",\"target\":{\"@type\":\"EntryPoint\",\"urlTemplate\":\"https:\\\/\\\/bap-software.net\\\/vi\\\/?s={search_term_string}\"},\"query-input\":{\"@type\":\"PropertyValueSpecification\",\"valueRequired\":true,\"valueName\":\"search_term_string\"}}],\"inLanguage\":\"vi\"}]}<\/script>\n<!-- \/ Yoast SEO Premium plugin. -->","yoast_head_json":{"title":"TV Channels - C\u00f4ng ty c\u1ed5 ph\u1ea7n \u0111\u1ea7u t\u01b0 v\u00e0 c\u00f4ng ngh\u1ec7 BAP","description":"K\u00eanh th\u00f4ng tin c\u1eadp nh\u1eadt nh\u1eefng Video h\u1ea5p d\u1eabn v\u1ec1 c\u00e1c ho\u1ea1t \u0111\u1ed9ng c\u1ee7a BAP, c\u0169ng l\u00e0 n\u01a1i chia s\u1ebb nh\u1eefng ki\u1ebfn th\u1ee9c b\u1ed5 \u00edch d\u00e0nh cho l\u1eadp tr\u00ecnh vi\u00ean c\u0169ng nh\u01b0 qu\u00fd \u0110\u1ed1i t\u00e1c","robots":{"index":"index","follow":"follow","max-snippet":"max-snippet:-1","max-image-preview":"max-image-preview:large","max-video-preview":"max-video-preview:-1"},"canonical":"https:\/\/bap-software.net\/vi\/tv-channels\/","og_locale":"vi_VN","og_type":"article","og_title":"TV CHANNELS","og_description":"K\u00eanh th\u00f4ng tin c\u1eadp nh\u1eadt nh\u1eefng Video h\u1ea5p d\u1eabn v\u1ec1 c\u00e1c ho\u1ea1t \u0111\u1ed9ng c\u1ee7a BAP, c\u0169ng l\u00e0 n\u01a1i chia s\u1ebb nh\u1eefng ki\u1ebfn th\u1ee9c b\u1ed5 \u00edch d\u00e0nh cho l\u1eadp tr\u00ecnh vi\u00ean c\u0169ng nh\u01b0 qu\u00fd \u0110\u1ed1i t\u00e1c","og_url":"https:\/\/bap-software.net\/vi\/tv-channels\/","og_site_name":"C\u00f4ng Ty C\u1ed5 Ph\u1ea7n \u0110\u1ea7u T\u01b0 V\u00e0 C\u00f4ng Ngh\u1ec7 BAP","article_publisher":"https:\/\/www.facebook.com\/bap32","article_modified_time":"2025-01-20T06:52:41+00:00","twitter_card":"summary_large_image","twitter_site":"@bapsoftware","schema":{"@context":"https:\/\/schema.org","@graph":[{"@type":"WebPage","@id":"https:\/\/bap-software.net\/vi\/tv-channels\/","url":"https:\/\/bap-software.net\/vi\/tv-channels\/","name":"TV Channels - C\u00f4ng ty c\u1ed5 ph\u1ea7n \u0111\u1ea7u t\u01b0 v\u00e0 c\u00f4ng ngh\u1ec7 BAP","isPartOf":{"@id":"https:\/\/bap-software.net\/vi\/#website"},"datePublished":"2022-04-18T09:48:50+00:00","dateModified":"2025-01-20T06:52:41+00:00","description":"K\u00eanh th\u00f4ng tin c\u1eadp nh\u1eadt nh\u1eefng Video h\u1ea5p d\u1eabn v\u1ec1 c\u00e1c ho\u1ea1t \u0111\u1ed9ng c\u1ee7a BAP, c\u0169ng l\u00e0 n\u01a1i chia s\u1ebb nh\u1eefng ki\u1ebfn th\u1ee9c b\u1ed5 \u00edch d\u00e0nh cho l\u1eadp tr\u00ecnh vi\u00ean c\u0169ng nh\u01b0 qu\u00fd \u0110\u1ed1i t\u00e1c","breadcrumb":{"@id":"https:\/\/bap-software.net\/vi\/tv-channels\/#breadcrumb"},"inLanguage":"vi","potentialAction":[{"@type":"ReadAction","target":[["https:\/\/bap-software.net\/vi\/tv-channels\/"]]}]},{"@type":"BreadcrumbList","@id":"https:\/\/bap-software.net\/vi\/tv-channels\/#breadcrumb","itemListElement":[{"@type":"ListItem","position":1,"name":"Home","item":"https:\/\/bap-software.net\/vi\/"},{"@type":"ListItem","position":2,"name":"TV CHANNELS"}]},{"@type":"WebSite","@id":"https:\/\/bap-software.net\/vi\/#website","url":"https:\/\/bap-software.net\/vi\/","name":"C\u00f4ng Ty C\u1ed5 Ph\u1ea7n \u0110\u1ea7u T\u01b0 V\u00e0 C\u00f4ng Ngh\u1ec7 BAP","description":"","potentialAction":[{"@type":"SearchAction","target":{"@type":"EntryPoint","urlTemplate":"https:\/\/bap-software.net\/vi\/?s={search_term_string}"},"query-input":{"@type":"PropertyValueSpecification","valueRequired":true,"valueName":"search_term_string"}}],"inLanguage":"vi"}]}},"_links":{"self":[{"href":"https:\/\/bap-software.net\/vi\/wp-json\/wp\/v2\/pages\/8106","targetHints":{"allow":["GET"]}}],"collection":[{"href":"https:\/\/bap-software.net\/vi\/wp-json\/wp\/v2\/pages"}],"about":[{"href":"https:\/\/bap-software.net\/vi\/wp-json\/wp\/v2\/types\/page"}],"author":[{"embeddable":true,"href":"https:\/\/bap-software.net\/vi\/wp-json\/wp\/v2\/users\/10"}],"replies":[{"embeddable":true,"href":"https:\/\/bap-software.net\/vi\/wp-json\/wp\/v2\/comments?post=8106"}],"version-history":[{"count":0,"href":"https:\/\/bap-software.net\/vi\/wp-json\/wp\/v2\/pages\/8106\/revisions"}],"wp:attachment":[{"href":"https:\/\/bap-software.net\/vi\/wp-json\/wp\/v2\/media?parent=8106"}],"curies":[{"name":"wp","href":"https:\/\/api.w.org\/{rel}","templated":true}]}}